{"id":2,"date":"2025-03-09T20:34:32","date_gmt":"2025-03-09T19:34:32","guid":{"rendered":"http:\/\/dinaxo.fr\/?page_id=2"},"modified":"2026-01-07T19:49:14","modified_gmt":"2026-01-07T18:49:14","slug":"monte-escalier","status":"publish","type":"page","link":"https:\/\/dinaxo.fr\/index.php\/monte-escalier\/","title":{"rendered":"Monte escalier"},"content":{"rendered":"\n<blockquote class=\"wp-block-quote is-layout-flow wp-block-quote-is-layout-flow\">\n<p>La soci\u00e9t\u00e9 Dinaxo vous propose des monte-escaliers tournant ou droit en partenariat avec la soci\u00e9t\u00e9 Le Monte Escalier Fran\u00e7ais.<\/p>\n<\/blockquote>\n\n\n\n<p><\/p>\n\n\n\n<p><strong>Dinaxo<\/strong> est une soci\u00e9t\u00e9 sp\u00e9cialis\u00e9e dans l\u2019installation de <strong>monte-escaliers droits et courbes<\/strong>, adapt\u00e9s \u00e0 tous types d\u2019escaliers et \u00e0 tous les besoins de mobilit\u00e9, pour vous permettre de circuler chez vous en toute autonomie. <br>Nous accompagnons nos clients \u00e0 chaque \u00e9tape, de l\u2019\u00e9tude personnalis\u00e9e \u00e0 la pose, en garantissant des solutions fiables, s\u00e9curis\u00e9es et confortables. <br>Au-del\u00e0 de l\u2019installation, <strong>Dinaxo assure \u00e9galement le service apr\u00e8s-vente<\/strong>, l\u2019entretien et le d\u00e9pannage, afin de garantir la durabilit\u00e9 et le bon fonctionnement de nos \u00e9quipements. <br>Notre priorit\u00e9 est d\u2019offrir \u00e0 nos clients <strong>autonomie, s\u00e9curit\u00e9 et tranquillit\u00e9 d\u2019esprit<\/strong>, gr\u00e2ce \u00e0 un service professionnel, r\u00e9actif et de proximit\u00e9.<\/p>\n","protected":false},"excerpt":{"rendered":"<p>La soci\u00e9t\u00e9 Dinaxo vous propose des monte-escaliers tournant ou droit en partenariat avec la soci\u00e9t\u00e9 Le Monte Escalier Fran\u00e7ais. Dinaxo est une soci\u00e9t\u00e9 sp\u00e9cialis\u00e9e dans l\u2019installation de monte-escaliers droits et &hellip; <\/p>\n","protected":false},"author":1,"featured_media":0,"parent":0,"menu_order":0,"comment_status":"closed","ping_status":"closed","template":"","meta":{"footnotes":""},"class_list":["post-2","page","type-page","status-publish","hentry"],"aioseo_notices":[],"_links":{"self":[{"href":"https:\/\/dinaxo.fr\/index.php\/wp-json\/wp\/v2\/pages\/2","targetHints":{"allow":["GET"]}}],"collection":[{"href":"https:\/\/dinaxo.fr\/index.php\/wp-json\/wp\/v2\/pages"}],"about":[{"href":"https:\/\/dinaxo.fr\/index.php\/wp-json\/wp\/v2\/types\/page"}],"author":[{"embeddable":true,"href":"https:\/\/dinaxo.fr\/index.php\/wp-json\/wp\/v2\/users\/1"}],"replies":[{"embeddable":true,"href":"https:\/\/dinaxo.fr\/index.php\/wp-json\/wp\/v2\/comments?post=2"}],"version-history":[{"count":6,"href":"https:\/\/dinaxo.fr\/index.php\/wp-json\/wp\/v2\/pages\/2\/revisions"}],"predecessor-version":[{"id":150,"href":"https:\/\/dinaxo.fr\/index.php\/wp-json\/wp\/v2\/pages\/2\/revisions\/150"}],"wp:attachment":[{"href":"https:\/\/dinaxo.fr\/index.php\/wp-json\/wp\/v2\/media?parent=2"}],"curies":[{"name":"wp","href":"https:\/\/api.w.org\/{rel}","templated":true}]}}