{"id":105,"date":"2025-12-24T11:48:39","date_gmt":"2025-12-24T10:48:39","guid":{"rendered":"https:\/\/dinaxo.fr\/?page_id=105"},"modified":"2026-01-07T20:17:30","modified_gmt":"2026-01-07T19:17:30","slug":"electricite","status":"publish","type":"page","link":"https:\/\/dinaxo.fr\/index.php\/electricite\/","title":{"rendered":"Electricit\u00e9"},"content":{"rendered":"\n<p><strong>Dinaxo<\/strong>\u00a0est une entreprise d\u2019\u00e9lectricit\u00e9 g\u00e9n\u00e9rale bas\u00e9e \u00e0\u00a0<strong>Grougis<\/strong>, intervenant sur une\u00a0<strong>zone d\u2019intervention tr\u00e8s large<\/strong>, notamment autour de\u00a0<strong>Saint Quentin,<\/strong> <strong>Valenciennes<\/strong>,\u00a0<strong>Soissons<\/strong>\u00a0et leurs environs.<\/p>\n\n\n\n<p>Nous accompagnons particuliers et professionnels pour tous types de travaux \u00e9lectriques :<\/p>\n\n\n\n<ul class=\"wp-block-list\">\n<li>installation \u00e9lectrique en neuf et en r\u00e9novation<\/li>\n\n\n\n<li>mise aux normes et s\u00e9curisation des installations<\/li>\n\n\n\n<li>d\u00e9pannage \u00e9lectrique rapide<\/li>\n\n\n\n<li>domotique et solutions connect\u00e9es<\/li>\n\n\n\n<li>installation de bornes de recharge pour v\u00e9hicules \u00e9lectriques<\/li>\n<\/ul>\n\n\n\n<p>\u00c0 l\u2019\u00e9coute de vos besoins,\u00a0<strong>Dinaxo<\/strong>\u00a0vous accompagne avec des solutions sur mesure, conformes aux normes en vigueur et un travail soign\u00e9 r\u00e9alis\u00e9 dans le respect des d\u00e9lais.<br>Votre satisfaction et votre s\u00e9curit\u00e9 sont au c\u0153ur de nos priorit\u00e9s.<\/p>\n","protected":false},"excerpt":{"rendered":"<p>Dinaxo\u00a0est une entreprise d\u2019\u00e9lectricit\u00e9 g\u00e9n\u00e9rale bas\u00e9e \u00e0\u00a0Grougis, intervenant sur une\u00a0zone d\u2019intervention tr\u00e8s large, notamment autour de\u00a0Saint Quentin, Valenciennes,\u00a0Soissons\u00a0et leurs environs. Nous accompagnons particuliers et professionnels pour tous types de travaux &hellip; <\/p>\n","protected":false},"author":1,"featured_media":0,"parent":0,"menu_order":0,"comment_status":"closed","ping_status":"closed","template":"","meta":{"footnotes":""},"class_list":["post-105","page","type-page","status-publish","hentry"],"aioseo_notices":[],"_links":{"self":[{"href":"https:\/\/dinaxo.fr\/index.php\/wp-json\/wp\/v2\/pages\/105","targetHints":{"allow":["GET"]}}],"collection":[{"href":"https:\/\/dinaxo.fr\/index.php\/wp-json\/wp\/v2\/pages"}],"about":[{"href":"https:\/\/dinaxo.fr\/index.php\/wp-json\/wp\/v2\/types\/page"}],"author":[{"embeddable":true,"href":"https:\/\/dinaxo.fr\/index.php\/wp-json\/wp\/v2\/users\/1"}],"replies":[{"embeddable":true,"href":"https:\/\/dinaxo.fr\/index.php\/wp-json\/wp\/v2\/comments?post=105"}],"version-history":[{"count":5,"href":"https:\/\/dinaxo.fr\/index.php\/wp-json\/wp\/v2\/pages\/105\/revisions"}],"predecessor-version":[{"id":162,"href":"https:\/\/dinaxo.fr\/index.php\/wp-json\/wp\/v2\/pages\/105\/revisions\/162"}],"wp:attachment":[{"href":"https:\/\/dinaxo.fr\/index.php\/wp-json\/wp\/v2\/media?parent=105"}],"curies":[{"name":"wp","href":"https:\/\/api.w.org\/{rel}","templated":true}]}}